{"id":1013,"date":"2023-06-20T23:20:56","date_gmt":"2023-06-20T21:20:56","guid":{"rendered":"http:\/\/ramoncarreras.cat\/?page_id=1013"},"modified":"2023-12-02T21:47:42","modified_gmt":"2023-12-02T19:47:42","slug":"prensa","status":"publish","type":"page","link":"https:\/\/ramoncarreras.cat\/?page_id=1013","title":{"rendered":"Prensa"},"content":{"rendered":"\n<figure class=\"wp-block-embed is-type-wp-embed is-provider-elescritor-es wp-block-embed-elescritor-es\"><div class=\"wp-block-embed__wrapper\">\n<blockquote class=\"wp-embedded-content\" data-secret=\"ULAfyx3t0f\"><a href=\"https:\/\/elescritor.es\/entrevista\/ramon-carreras-juanico-nos-presenta-su-obra-libertad-en-los-apalaches\/\">Ram\u00f3n Carreras Juanico nos presenta su obra, \u00abLibertad en los Apalaches\u00bb.<\/a><\/blockquote><iframe class=\"wp-embedded-content\" sandbox=\"allow-scripts\" security=\"restricted\" style=\"position: absolute; clip: rect(1px, 1px, 1px, 1px);\" title=\"\u00abRam\u00f3n Carreras Juanico nos presenta su obra, \u00abLibertad en los Apalaches\u00bb.\u00bb \u2014 Elescritor.es\" src=\"https:\/\/elescritor.es\/entrevista\/ramon-carreras-juanico-nos-presenta-su-obra-libertad-en-los-apalaches\/embed\/#?secret=UcF5IW3Poz#?secret=ULAfyx3t0f\" data-secret=\"ULAfyx3t0f\" width=\"600\" height=\"338\" frameborder=\"0\" marginwidth=\"0\" marginheight=\"0\" scrolling=\"no\"><\/iframe>\n<\/div><\/figure>\n\n\n\n<h2 class=\"wp-block-heading\">Premiere en Puigcerd\u00e0, 4 de Julio de 2023<\/h2>\n\n\n\n<p>Biblioteca Comptat de Cerdanya.<\/p>\n\n\n\n<figure class=\"wp-block-embed is-type-video is-provider-youtube wp-block-embed-youtube wp-embed-aspect-16-9 wp-has-aspect-ratio\"><div class=\"wp-block-embed__wrapper\">\n<iframe loading=\"lazy\" title=\"Presentaci\u00f3 Libertad Apalaches, Puigcerd\u00e0 040723, Biblioteca  extractes\" width=\"640\" height=\"360\" src=\"https:\/\/www.youtube.com\/embed\/QE1ZGUSdQFM?feature=oembed\" frameborder=\"0\" allow=\"accelerometer; autoplay; clipboard-write; encrypted-media; gyroscope; picture-in-picture; web-share\" referrerpolicy=\"strict-origin-when-cross-origin\" allowfullscreen><\/iframe>\n<\/div><figcaption class=\"wp-element-caption\">Intervenciones ponentes<\/figcaption><\/figure>\n\n\n\n<figure class=\"wp-block-embed is-type-video is-provider-youtube wp-block-embed-youtube wp-embed-aspect-16-9 wp-has-aspect-ratio\"><div class=\"wp-block-embed__wrapper\">\n<iframe loading=\"lazy\" title=\"Presentaci\u00f3 Libertad Apalaches, Puigcerd\u00e0 04072023, Biblioteca  intervenciones Ramon\" width=\"640\" height=\"360\" src=\"https:\/\/www.youtube.com\/embed\/K4OQjNacCbc?feature=oembed\" frameborder=\"0\" allow=\"accelerometer; autoplay; clipboard-write; encrypted-media; gyroscope; picture-in-picture; web-share\" referrerpolicy=\"strict-origin-when-cross-origin\" allowfullscreen><\/iframe>\n<\/div><figcaption class=\"wp-element-caption\">Intervenciones del autor<\/figcaption><\/figure>\n\n\n\n<h2 class=\"wp-block-heading\">Entrevista para Radio Pirineos y Radio Puigreig: \u00abSLOW MOUNTAIN\u00bb  por Jordi Pau Caballero, 9 Julio 2023<\/h2>\n\n\n\n<figure class=\"wp-block-embed is-type-video is-provider-youtube wp-block-embed-youtube wp-embed-aspect-16-9 wp-has-aspect-ratio\"><div class=\"wp-block-embed__wrapper\">\n<iframe loading=\"lazy\" title=\"Entrevista  Slow Mountain  by Jordi Pau Caballero\" width=\"640\" height=\"360\" src=\"https:\/\/www.youtube.com\/embed\/TadBfV6AgiM?feature=oembed\" frameborder=\"0\" allow=\"accelerometer; autoplay; clipboard-write; encrypted-media; gyroscope; picture-in-picture; web-share\" referrerpolicy=\"strict-origin-when-cross-origin\" allowfullscreen><\/iframe>\n<\/div><figcaption class=\"wp-element-caption\">Slow Mountain <\/figcaption><\/figure>\n\n\n\n<h2 class=\"wp-block-heading\">ENTREVISTA INSTAGRAM CIRCULO ROJO 17\/07\/2023<\/h2>\n\n\n\n<p><a href=\"https:\/\/www.instagram.com\/reel\/CuzYcPmgSPO\/?igshid=MzRlODBiNWFlZA%3D%3D\">https:\/\/www.instagram.com\/reel\/CuzYcPmgSPO\/?igshid=MzRlODBiNWFlZA%3D%3D<\/a><\/p>\n\n\n\n<h2 class=\"wp-block-heading\">ANUNCIO EN FACEBOOK <\/h2>\n\n\n\n<p><a href=\"https:\/\/m.facebook.com\/story.php?story_fbid=pfbid0MWNpvbzco6vub5MQh6cXEibJC4DAcmrTZdJCp5aUCEMbdZo6fc2R1RUbJH5YsyhJl&amp;id=100063539515034&amp;sfnsn=scwspwa\">https:\/\/m.facebook.com\/story.php?story_fbid=pfbid0MWNpvbzco6vub5MQh6cXEibJC4DAcmrTZdJCp5aUCEMbdZo6fc2R1RUbJH5YsyhJl&amp;id=100063539515034&amp;sfnsn=scwspwa<\/a><\/p>\n\n\n\n<h2 class=\"wp-block-heading\">ENTREVISTA \u00abPANXING\u00bb AGOST 2023, Oriol Bombard\u00f3 Rosi\u00f1ol.<\/h2>\n\n\n\n<p><a href=\"https:\/\/www.panxing.net\/entrevistes\/entrevista-ramon-carreras-libertad-en-los-apalaches\/\">https:\/\/www.panxing.net\/entrevistes\/entrevista-ramon-carreras-libertad-en-los-apalaches\/<\/a><\/p>\n\n\n\n<h2 class=\"wp-block-heading\">ENTREVISTA A R\u00c1DIO SEU D&#8217;URGELL (R\u00c1DIOSEU) 20\/09\/2023, Ignasi Cervera.<\/h2>\n\n\n\n<p><a href=\"https:\/\/alacarta.radioseu.cat\/programs\/entrevistadeldia\/radioseu_podcast_15147?ref=wa&amp;fbclid=IwAR1LPNRlblW5V67aa52k2tG_cLtRofmPknyxbd6W4X1Cd9JjgK8IEs2hmUw\">https:\/\/alacarta.radioseu.cat\/programs\/entrevistadeldia\/radioseu_podcast_15147?ref=wa&amp;fbclid=IwAR1LPNRlblW5V67aa52k2tG_cLtRofmPknyxbd6W4X1Cd9JjgK8IEs2hmUw<\/a><\/p>\n\n\n\n<p><\/p>\n\n\n\n<h2 class=\"wp-block-heading\">EL ESPA\u00d1OL &#8211; CR\u00d3NICA aGLOBAL , Andrea Rod\u00e9s.<\/h2>\n\n\n\n<p><a href=\"https:\/\/cronicaglobal.elespanol.com\/creacion\/20230902\/la-montana-como-templo\/791171068_0.html\">https:\/\/cronicaglobal.elespanol.com\/creacion\/20230902\/la-montana-como-templo\/791171068_0.html<\/a><\/p>\n","protected":false},"excerpt":{"rendered":"<p>Premiere en Puigcerd\u00e0, 4 de Julio de 2023 Biblioteca Comptat de Cerdanya. Entrevista para Radio Pirineos y Radio Puigreig: \u00abSLOW MOUNTAIN\u00bb por Jordi Pau Caballero, 9 Julio 2023 ENTREVISTA INSTAGRAM CIRCULO ROJO 17\/07\/2023 https:\/\/www.instagram.com\/reel\/CuzYcPmgSPO\/?igshid=MzRlODBiNWFlZA%3D%3D ANUNCIO EN FACEBOOK https:\/\/m.facebook.com\/story.php?story_fbid=pfbid0MWNpvbzco6vub5MQh6cXEibJC4DAcmrTZdJCp5aUCEMbdZo6fc2R1RUbJH5YsyhJl&amp;id=100063539515034&amp;sfnsn=scwspwa ENTREVISTA \u00abPANXING\u00bb &hellip; <a href=\"https:\/\/ramoncarreras.cat\/?page_id=1013\">Sigue leyendo <span class=\"meta-nav\">&rarr;<\/span><\/a><\/p>\n","protected":false},"author":1,"featured_media":0,"parent":0,"menu_order":0,"comment_status":"closed","ping_status":"closed","template":"","meta":{"footnotes":""},"_links":{"self":[{"href":"https:\/\/ramoncarreras.cat\/index.php?rest_route=\/wp\/v2\/pages\/1013"}],"collection":[{"href":"https:\/\/ramoncarreras.cat\/index.php?rest_route=\/wp\/v2\/pages"}],"about":[{"href":"https:\/\/ramoncarreras.cat\/index.php?rest_route=\/wp\/v2\/types\/page"}],"author":[{"embeddable":true,"href":"https:\/\/ramoncarreras.cat\/index.php?rest_route=\/wp\/v2\/users\/1"}],"replies":[{"embeddable":true,"href":"https:\/\/ramoncarreras.cat\/index.php?rest_route=%2Fwp%2Fv2%2Fcomments&post=1013"}],"version-history":[{"count":9,"href":"https:\/\/ramoncarreras.cat\/index.php?rest_route=\/wp\/v2\/pages\/1013\/revisions"}],"predecessor-version":[{"id":1169,"href":"https:\/\/ramoncarreras.cat\/index.php?rest_route=\/wp\/v2\/pages\/1013\/revisions\/1169"}],"wp:attachment":[{"href":"https:\/\/ramoncarreras.cat\/index.php?rest_route=%2Fwp%2Fv2%2Fmedia&parent=1013"}],"curies":[{"name":"wp","href":"https:\/\/api.w.org\/{rel}","templated":true}]}}