{"id":1143,"date":"2023-10-27T20:47:24","date_gmt":"2023-10-27T18:47:24","guid":{"rendered":"http:\/\/ramoncarreras.cat\/?page_id=1143"},"modified":"2026-02-05T20:16:49","modified_gmt":"2026-02-05T18:16:49","slug":"agenda","status":"publish","type":"page","link":"https:\/\/ramoncarreras.cat\/?page_id=1143","title":{"rendered":"AGENDA"},"content":{"rendered":"\n<h2 class=\"wp-block-heading\"><strong>PLUM VILLAGE MINDFULNESS SNOW RETREATS 2026<\/strong><\/h2>\n\n\n\n<figure class=\"wp-block-embed is-type-wp-embed is-provider-plum-village-039-s-mountain-mindfulness-retreat wp-block-embed-plum-village-039-s-mountain-mindfulness-retreat\"><div class=\"wp-block-embed__wrapper\">\n<blockquote class=\"wp-embedded-content\" data-secret=\"WRW8vRu13t\"><a href=\"https:\/\/snowmindfulness.org\/\">Plum Village&#8217;s Mountain Mindfulness Retreat in Andorra<\/a><\/blockquote><iframe class=\"wp-embedded-content\" sandbox=\"allow-scripts\" security=\"restricted\" style=\"position: absolute; clip: rect(1px, 1px, 1px, 1px);\" title=\"&#8220;Plum Village&#8217;s Mountain Mindfulness Retreat in Andorra&#8221; &#8212; Plum Village&#039;s Mountain Mindfulness Retreat\" src=\"https:\/\/snowmindfulness.org\/embed\/#?secret=Bhzq0hDw93#?secret=WRW8vRu13t\" data-secret=\"WRW8vRu13t\" width=\"600\" height=\"338\" frameborder=\"0\" marginwidth=\"0\" marginheight=\"0\" scrolling=\"no\"><\/iframe>\n<\/div><figcaption class=\"wp-element-caption\">TE ESPERAMOS<\/figcaption><\/figure>\n\n\n\n<p><\/p>\n\n\n\n<h2 class=\"wp-block-heading\"><strong>MEDITACI\u00d3 ZEN PUIGCERD\u00c0 2025-2026<\/strong><\/h2>\n\n\n\n<div data-wp-interactive=\"\" class=\"wp-block-file\"><object data-wp-bind--hidden=\"!selectors.core.file.hasPdfPreview\" hidden class=\"wp-block-file__embed\" data=\"https:\/\/ramoncarreras.cat\/wp-content\/uploads\/2026\/02\/Flyer-Cami-Llum-2025-26-amb-faldo.pdf\" type=\"application\/pdf\" style=\"width:100%;height:600px\" aria-label=\"Incrustado de Flyer-Cami-Llum-2025-26-amb-faldo.\"><\/object><a id=\"wp-block-file--media-677a6690-1f0c-4a92-b051-93af56c22c0a\" href=\"https:\/\/ramoncarreras.cat\/wp-content\/uploads\/2026\/02\/Flyer-Cami-Llum-2025-26-amb-faldo.pdf\">Flyer-Cami-Llum-2025-26-amb-faldo<\/a><a href=\"https:\/\/ramoncarreras.cat\/wp-content\/uploads\/2026\/02\/Flyer-Cami-Llum-2025-26-amb-faldo.pdf\" class=\"wp-block-file__button wp-element-button\" download aria-describedby=\"wp-block-file--media-677a6690-1f0c-4a92-b051-93af56c22c0a\">Descarga<\/a><\/div>\n\n\n\n<p><\/p>\n\n\n\n<p><\/p>\n\n\n\n<h2 class=\"wp-block-heading\"><strong>DIADA DE SANT JORDI 2025 a PUIGCERD\u00c0<\/strong><\/h2>\n\n\n\n<figure class=\"wp-block-image size-large\"><a href=\"https:\/\/ramoncarreras.cat\/wp-content\/uploads\/2025\/04\/sIGNATURA-LLIBRE-2025-pUIGCERDA-sANT-jORDI.jpg\"><img loading=\"lazy\" decoding=\"async\" width=\"724\" height=\"1024\" src=\"https:\/\/ramoncarreras.cat\/wp-content\/uploads\/2025\/04\/sIGNATURA-LLIBRE-2025-pUIGCERDA-sANT-jORDI-724x1024.jpg\" alt=\"\" class=\"wp-image-1286\" srcset=\"https:\/\/ramoncarreras.cat\/wp-content\/uploads\/2025\/04\/sIGNATURA-LLIBRE-2025-pUIGCERDA-sANT-jORDI-724x1024.jpg 724w, https:\/\/ramoncarreras.cat\/wp-content\/uploads\/2025\/04\/sIGNATURA-LLIBRE-2025-pUIGCERDA-sANT-jORDI-212x300.jpg 212w, https:\/\/ramoncarreras.cat\/wp-content\/uploads\/2025\/04\/sIGNATURA-LLIBRE-2025-pUIGCERDA-sANT-jORDI-768x1087.jpg 768w, https:\/\/ramoncarreras.cat\/wp-content\/uploads\/2025\/04\/sIGNATURA-LLIBRE-2025-pUIGCERDA-sANT-jORDI-1085x1536.jpg 1085w, https:\/\/ramoncarreras.cat\/wp-content\/uploads\/2025\/04\/sIGNATURA-LLIBRE-2025-pUIGCERDA-sANT-jORDI.jpg 1447w\" sizes=\"(max-width: 724px) 100vw, 724px\" \/><\/a><\/figure>\n\n\n\n<h2 class=\"wp-block-heading\">PLUM VILLAGE MINDFULNESS SNOW RETREATS 2025<\/h2>\n\n\n\n<figure class=\"wp-block-embed is-type-wp-embed is-provider-plum-village-039-s-mountain-mindfulness-retreat wp-block-embed-plum-village-039-s-mountain-mindfulness-retreat\"><div class=\"wp-block-embed__wrapper\">\n<blockquote class=\"wp-embedded-content\" data-secret=\"WRW8vRu13t\"><a href=\"https:\/\/snowmindfulness.org\/\">Plum Village&#8217;s Mountain Mindfulness Retreat in Andorra<\/a><\/blockquote><iframe class=\"wp-embedded-content\" sandbox=\"allow-scripts\" security=\"restricted\" style=\"position: absolute; clip: rect(1px, 1px, 1px, 1px);\" title=\"&#8220;Plum Village&#8217;s Mountain Mindfulness Retreat in Andorra&#8221; &#8212; Plum Village&#039;s Mountain Mindfulness Retreat\" src=\"https:\/\/snowmindfulness.org\/embed\/#?secret=Bhzq0hDw93#?secret=WRW8vRu13t\" data-secret=\"WRW8vRu13t\" width=\"600\" height=\"338\" frameborder=\"0\" marginwidth=\"0\" marginheight=\"0\" scrolling=\"no\"><\/iframe>\n<\/div><\/figure>\n\n\n\n<p id=\"block-7bd43066-0611-47c7-8d4c-7980b969505a\"><strong>Webinar con dat Phan: Domingo 12 de Enero, de 20.00h a 21.30h.<\/strong><\/p>\n\n\n\n<p><a href=\"https:\/\/mailchi.mp\/4d75fb0289b6\/communaute-bien-aimee-cedres-bleus\">https:\/\/mailchi.mp\/4d75fb0289b6\/communaute-bien-aimee-cedres-bleus<\/a><\/p>\n\n\n\n<figure class=\"wp-block-image\" id=\"block-ae265468-c68b-42e6-9c8f-bb91dff0b235\"><a href=\"https:\/\/ramoncarreras.cat\/wp-content\/uploads\/2025\/01\/Imatge-de-WhatsApp-2025-01-07-a-les-20.26.56_622ad04c.jpg\"><img decoding=\"async\" src=\"https:\/\/ramoncarreras.cat\/wp-content\/uploads\/2025\/01\/Imatge-de-WhatsApp-2025-01-07-a-les-20.26.56_622ad04c-1024x452.jpg\" alt=\"La imagen tiene un atributo ALT vac\u00edo; su nombre de archivo es Imatge-de-WhatsApp-2025-01-07-a-les-20.26.56_622ad04c-1024x452.jpg\"\/><\/a><\/figure>\n\n\n\n<h2 class=\"wp-block-heading\">Meditaci\u00f3 Zen Puigcerd\u00e0 2024-2025<\/h2>\n\n\n\n<figure class=\"wp-block-image size-large\"><a href=\"https:\/\/ramoncarreras.cat\/wp-content\/uploads\/2024\/09\/IMG-20240927-WA0001-1.jpg\"><img loading=\"lazy\" decoding=\"async\" width=\"724\" height=\"1024\" src=\"https:\/\/ramoncarreras.cat\/wp-content\/uploads\/2024\/09\/IMG-20240927-WA0001-1-724x1024.jpg\" alt=\"\" class=\"wp-image-1253\" srcset=\"https:\/\/ramoncarreras.cat\/wp-content\/uploads\/2024\/09\/IMG-20240927-WA0001-1-724x1024.jpg 724w, https:\/\/ramoncarreras.cat\/wp-content\/uploads\/2024\/09\/IMG-20240927-WA0001-1-212x300.jpg 212w, https:\/\/ramoncarreras.cat\/wp-content\/uploads\/2024\/09\/IMG-20240927-WA0001-1-768x1086.jpg 768w, https:\/\/ramoncarreras.cat\/wp-content\/uploads\/2024\/09\/IMG-20240927-WA0001-1-1086x1536.jpg 1086w, https:\/\/ramoncarreras.cat\/wp-content\/uploads\/2024\/09\/IMG-20240927-WA0001-1.jpg 1131w\" sizes=\"(max-width: 724px) 100vw, 724px\" \/><\/a><\/figure>\n\n\n\n<figure class=\"wp-block-embed is-type-wp-embed is-provider-aucer-associaci-universit-ria-de-cerdanya wp-block-embed-aucer-associaci-universit-ria-de-cerdanya\"><div class=\"wp-block-embed__wrapper\">\n<blockquote class=\"wp-embedded-content\" data-secret=\"duCEM3XLSq\"><a href=\"https:\/\/www.aucer.org\/universitat-destiu-2016\/cursos-uni-estiu\/01-mindfulness-per-a-lactualitat-ciencies-contemplatives-i-no-dualitat\/\">01 &#8211; Mindfulness per a l\u2019actualitat: ci\u00e8ncies contemplatives i no dualitat<\/a><\/blockquote><iframe class=\"wp-embedded-content\" sandbox=\"allow-scripts\" security=\"restricted\" style=\"position: absolute; clip: rect(1px, 1px, 1px, 1px);\" title=\"\u00ab01 &#8211; Mindfulness per a l\u2019actualitat: ci\u00e8ncies contemplatives i no dualitat\u00bb \u2014 AUCer - Associaci\u00f3 Universit\u00e0ria de Cerdanya\" src=\"https:\/\/www.aucer.org\/universitat-destiu-2016\/cursos-uni-estiu\/01-mindfulness-per-a-lactualitat-ciencies-contemplatives-i-no-dualitat\/embed\/#?secret=oiIvuSHNz8#?secret=duCEM3XLSq\" data-secret=\"duCEM3XLSq\" width=\"600\" height=\"338\" frameborder=\"0\" marginwidth=\"0\" marginheight=\"0\" scrolling=\"no\"><\/iframe>\n<\/div><\/figure>\n","protected":false},"excerpt":{"rendered":"<p>PLUM VILLAGE MINDFULNESS SNOW RETREATS 2026 MEDITACI\u00d3 ZEN PUIGCERD\u00c0 2025-2026 DIADA DE SANT JORDI 2025 a PUIGCERD\u00c0 PLUM VILLAGE MINDFULNESS SNOW RETREATS 2025 Webinar con dat Phan: Domingo 12 de Enero, de 20.00h a 21.30h. https:\/\/mailchi.mp\/4d75fb0289b6\/communaute-bien-aimee-cedres-bleus Meditaci\u00f3 Zen Puigcerd\u00e0 2024-2025<\/p>\n","protected":false},"author":1,"featured_media":0,"parent":0,"menu_order":0,"comment_status":"closed","ping_status":"closed","template":"","meta":{"footnotes":""},"_links":{"self":[{"href":"https:\/\/ramoncarreras.cat\/index.php?rest_route=\/wp\/v2\/pages\/1143"}],"collection":[{"href":"https:\/\/ramoncarreras.cat\/index.php?rest_route=\/wp\/v2\/pages"}],"about":[{"href":"https:\/\/ramoncarreras.cat\/index.php?rest_route=\/wp\/v2\/types\/page"}],"author":[{"embeddable":true,"href":"https:\/\/ramoncarreras.cat\/index.php?rest_route=\/wp\/v2\/users\/1"}],"replies":[{"embeddable":true,"href":"https:\/\/ramoncarreras.cat\/index.php?rest_route=%2Fwp%2Fv2%2Fcomments&post=1143"}],"version-history":[{"count":28,"href":"https:\/\/ramoncarreras.cat\/index.php?rest_route=\/wp\/v2\/pages\/1143\/revisions"}],"predecessor-version":[{"id":1293,"href":"https:\/\/ramoncarreras.cat\/index.php?rest_route=\/wp\/v2\/pages\/1143\/revisions\/1293"}],"wp:attachment":[{"href":"https:\/\/ramoncarreras.cat\/index.php?rest_route=%2Fwp%2Fv2%2Fmedia&parent=1143"}],"curies":[{"name":"wp","href":"https:\/\/api.w.org\/{rel}","templated":true}]}}