{"id":1209,"date":"2024-05-05T21:17:34","date_gmt":"2024-05-05T19:17:34","guid":{"rendered":"https:\/\/ramoncarreras.cat\/?page_id=1209"},"modified":"2024-05-05T21:17:35","modified_gmt":"2024-05-05T19:17:35","slug":"retiros","status":"publish","type":"page","link":"https:\/\/ramoncarreras.cat\/?page_id=1209","title":{"rendered":"RETIROS"},"content":{"rendered":"\n<h2 class=\"wp-block-heading\">JULIO 2024: Universitat d&#8217;Estiu Ramon Llull (AUCER)<\/h2>\n\n\n\n<p>Del Mi\u00e9rcoles d\u00eda17 de Julio al Viernes d\u00eda 19 de Julio, en PUIGCERD\u00c1<\/p>\n\n\n\n<p>\u00abMindfulness per l&#8217;acctualitat: Ciencies contemplatives i no-dualitat\u00bb Amb Dat Phan i Ramon Carreras<\/p>\n\n\n\n<div class=\"wp-block-file\"><a id=\"wp-block-file--media-753104ec-1720-4633-83d6-fabfada2ca37\" href=\"https:\/\/ramoncarreras.cat\/wp-content\/uploads\/2024\/05\/Cursos-Uni-Estiu-\u2013-AUCer-\u2013-Associacio-Universitaria-de-Cerdanya.html\">Cursos Uni Estiu \u2013 AUCer \u2013 Associaci\u00f3 Universit\u00e0ria de Cerdanya<\/a><a href=\"https:\/\/ramoncarreras.cat\/wp-content\/uploads\/2024\/05\/Cursos-Uni-Estiu-\u2013-AUCer-\u2013-Associacio-Universitaria-de-Cerdanya.html\" class=\"wp-block-file__button wp-element-button\" download aria-describedby=\"wp-block-file--media-753104ec-1720-4633-83d6-fabfada2ca37\">Descarga<\/a><\/div>\n\n\n\n<div class=\"wp-block-file\"><a id=\"wp-block-file--media-a2f35b88-dbb0-482f-b446-6b026b93125c\" href=\"https:\/\/ramoncarreras.cat\/wp-content\/uploads\/2024\/05\/PG01-Mindfulness-per-a-lactualitat_.doc\">PG01 Mindfulness per a l&#8217;actualitat_<\/a><a href=\"https:\/\/ramoncarreras.cat\/wp-content\/uploads\/2024\/05\/PG01-Mindfulness-per-a-lactualitat_.doc\" class=\"wp-block-file__button wp-element-button\" download aria-describedby=\"wp-block-file--media-a2f35b88-dbb0-482f-b446-6b026b93125c\">Descarga<\/a><\/div>\n","protected":false},"excerpt":{"rendered":"<p>JULIO 2024: Universitat d&#8217;Estiu Ramon Llull (AUCER) Del Mi\u00e9rcoles d\u00eda17 de Julio al Viernes d\u00eda 19 de Julio, en PUIGCERD\u00c1 \u00abMindfulness per l&#8217;acctualitat: Ciencies contemplatives i no-dualitat\u00bb Amb Dat Phan i Ramon Carreras<\/p>\n","protected":false},"author":1,"featured_media":0,"parent":0,"menu_order":0,"comment_status":"closed","ping_status":"closed","template":"","meta":{"footnotes":""},"_links":{"self":[{"href":"https:\/\/ramoncarreras.cat\/index.php?rest_route=\/wp\/v2\/pages\/1209"}],"collection":[{"href":"https:\/\/ramoncarreras.cat\/index.php?rest_route=\/wp\/v2\/pages"}],"about":[{"href":"https:\/\/ramoncarreras.cat\/index.php?rest_route=\/wp\/v2\/types\/page"}],"author":[{"embeddable":true,"href":"https:\/\/ramoncarreras.cat\/index.php?rest_route=\/wp\/v2\/users\/1"}],"replies":[{"embeddable":true,"href":"https:\/\/ramoncarreras.cat\/index.php?rest_route=%2Fwp%2Fv2%2Fcomments&post=1209"}],"version-history":[{"count":1,"href":"https:\/\/ramoncarreras.cat\/index.php?rest_route=\/wp\/v2\/pages\/1209\/revisions"}],"predecessor-version":[{"id":1212,"href":"https:\/\/ramoncarreras.cat\/index.php?rest_route=\/wp\/v2\/pages\/1209\/revisions\/1212"}],"wp:attachment":[{"href":"https:\/\/ramoncarreras.cat\/index.php?rest_route=%2Fwp%2Fv2%2Fmedia&parent=1209"}],"curies":[{"name":"wp","href":"https:\/\/api.w.org\/{rel}","templated":true}]}}