{"id":826,"date":"2023-06-01T23:48:15","date_gmt":"2023-06-01T21:48:15","guid":{"rendered":"http:\/\/ramoncarreras.cat\/?page_id=826"},"modified":"2023-12-02T21:44:14","modified_gmt":"2023-12-02T19:44:14","slug":"libertad-en-los-apalaches-meditaciones-de-nieve-zen-la-naturaleza-la-montana-el-esqui-y-la-espiritualidad","status":"publish","type":"page","link":"https:\/\/ramoncarreras.cat\/?page_id=826","title":{"rendered":"LIBERTAD EN LOS APALACHES"},"content":{"rendered":"\n<p class=\"has-text-align-center has-text-color\" style=\"color:#352c69\"><strong>Meditaciones de nieve Zen<\/strong><\/p>\n\n\n\n<p class=\"has-text-align-center has-text-color\" style=\"color:#352c69\"><strong>la Naturaleza, la monta\u00f1a, el esqu\u00ed y la espiritualidad<\/strong><\/p>\n\n\n\n<blockquote class=\"wp-block-quote\">\n<p class=\"has-blue-color has-text-color\"><em>\u201cSiendo un relato real, el texto nos transporta a momentos cumbre practicando deportes en la naturaleza y la nieve y, de all\u00ed, al universo interno del autor. Ordenado y estructurado en peque\u00f1os cap\u00edtulos, el relato es vital y comunicativo, fluido y po\u00e9tico a la vez que lleno de emociones y sabidur\u00eda. Su lectura seduce y arrastra, nos lleva de la mano hacia las monta\u00f1as, la nieve y nuestros dilemas interiores. A trav\u00e9s de los Apalaches conduce un viaje personal de transformaci\u00f3n, f\u00e1cil y asequible. Los miedos, las dudas, las angustias\u2026 todo se diluye y fluye bajo las perspectivas del autor. Es un relato sobre una traves\u00eda, sobre esqu\u00ed, sobre alpinismo, sobre budismo, sobre meditaci\u00f3n.\u201d<\/em><\/p>\n<\/blockquote>\n\n\n\n<figure class=\"wp-block-gallery has-nested-images columns-default is-cropped wp-block-gallery-1 is-layout-flex wp-block-gallery-is-layout-flex\">\n<figure class=\"wp-block-image size-large\"><a href=\"https:\/\/ramoncarreras.cat\/wp-content\/uploads\/2011\/04\/COBERTA-xarxes.jpg\"><img loading=\"lazy\" decoding=\"async\" width=\"340\" height=\"499\" data-id=\"823\" src=\"https:\/\/ramoncarreras.cat\/wp-content\/uploads\/2011\/04\/COBERTA-xarxes.jpg\" alt=\"\" class=\"wp-image-823\" srcset=\"https:\/\/ramoncarreras.cat\/wp-content\/uploads\/2011\/04\/COBERTA-xarxes.jpg 340w, https:\/\/ramoncarreras.cat\/wp-content\/uploads\/2011\/04\/COBERTA-xarxes-204x300.jpg 204w\" sizes=\"(max-width: 340px) 100vw, 340px\" \/><\/a><\/figure>\n<\/figure>\n\n\n\n<p>Aqu\u00ed puedes ojear una muestra del inicio del libro:<\/p>\n\n\n\n<p><a href=\"https:\/\/1drv.ms\/b\/s!Ahdi0womkU5VgqEaCxMC3nP0YhWq4Q?e=HaO4Wl\" target=\"_blank\" rel=\"noreferrer noopener\">https:\/\/1drv.ms\/b\/s!Ahdi0womkU5VgqEaCxMC3nP0YhWq4Q?e=HaO4Wl<\/a><\/p>\n\n\n\n<p>Aqu\u00ed puedes escuchar una muestra del inicio del libro:<\/p>\n\n\n\n<p><a href=\"https:\/\/1drv.ms\/v\/s!Ahdi0womkU5VgqF5FuLWQp0DwUngKg?e=pPsHML\">https:\/\/1drv.ms\/v\/s!Ahdi0womkU5VgqF5FuLWQp0DwUngKg?e=pPsHML<\/a><\/p>\n\n\n\n<p class=\"has-blue-color has-text-color\"><strong>&#8211; Haz difusi\u00f3n<\/strong>&nbsp;Ay\u00fadame a comunicar y difundir el proyecto en tus c\u00edrculos y amistades<\/p>\n\n\n\n<p class=\"has-blue-color has-text-color\"><strong>&#8211; S\u00edguelo en las redes<\/strong><br><a href=\"https:\/\/www.facebook.com\/ramon.carreras.79\" target=\"_blank\" rel=\"noreferrer noopener\">Facebook Ramon<\/a><br><a href=\"https:\/\/instagram.com\/stories\/ramoncarreras7\" target=\"_blank\" rel=\"noreferrer noopener\">Instagram Ramon<\/a><\/p>\n\n\n\n<p class=\"has-blue-color has-text-color\">Para cualquier pregunta o duda contacta conmigo:<br><a href=\"https:\/\/www.verkami.com\/projects\/libertadapalaches2023@gmail.com\">libertadapalaches2023@gmail.com<\/a><\/p>\n\n\n\n<figure class=\"wp-block-image size-large\"><a href=\"https:\/\/ramoncarreras.cat\/wp-content\/uploads\/2023\/06\/IMG-20230524-WA0001-3.jpg\"><img loading=\"lazy\" decoding=\"async\" width=\"1015\" height=\"1024\" src=\"https:\/\/ramoncarreras.cat\/wp-content\/uploads\/2023\/06\/IMG-20230524-WA0001-3-1015x1024.jpg\" alt=\"\" class=\"wp-image-1011\" srcset=\"https:\/\/ramoncarreras.cat\/wp-content\/uploads\/2023\/06\/IMG-20230524-WA0001-3-1015x1024.jpg 1015w, https:\/\/ramoncarreras.cat\/wp-content\/uploads\/2023\/06\/IMG-20230524-WA0001-3-297x300.jpg 297w, https:\/\/ramoncarreras.cat\/wp-content\/uploads\/2023\/06\/IMG-20230524-WA0001-3-150x150.jpg 150w, https:\/\/ramoncarreras.cat\/wp-content\/uploads\/2023\/06\/IMG-20230524-WA0001-3-768x775.jpg 768w, https:\/\/ramoncarreras.cat\/wp-content\/uploads\/2023\/06\/IMG-20230524-WA0001-3-1523x1536.jpg 1523w, https:\/\/ramoncarreras.cat\/wp-content\/uploads\/2023\/06\/IMG-20230524-WA0001-3.jpg 2030w\" sizes=\"(max-width: 1015px) 100vw, 1015px\" \/><\/a><\/figure>\n","protected":false},"excerpt":{"rendered":"<p>Meditaciones de nieve Zen la Naturaleza, la monta\u00f1a, el esqu\u00ed y la espiritualidad \u201cSiendo un relato real, el texto nos transporta a momentos cumbre practicando deportes en la naturaleza y la nieve y, de all\u00ed, al universo interno del autor. &hellip; <a href=\"https:\/\/ramoncarreras.cat\/?page_id=826\">Sigue leyendo <span class=\"meta-nav\">&rarr;<\/span><\/a><\/p>\n","protected":false},"author":1,"featured_media":0,"parent":0,"menu_order":1,"comment_status":"closed","ping_status":"closed","template":"","meta":{"footnotes":""},"_links":{"self":[{"href":"https:\/\/ramoncarreras.cat\/index.php?rest_route=\/wp\/v2\/pages\/826"}],"collection":[{"href":"https:\/\/ramoncarreras.cat\/index.php?rest_route=\/wp\/v2\/pages"}],"about":[{"href":"https:\/\/ramoncarreras.cat\/index.php?rest_route=\/wp\/v2\/types\/page"}],"author":[{"embeddable":true,"href":"https:\/\/ramoncarreras.cat\/index.php?rest_route=\/wp\/v2\/users\/1"}],"replies":[{"embeddable":true,"href":"https:\/\/ramoncarreras.cat\/index.php?rest_route=%2Fwp%2Fv2%2Fcomments&post=826"}],"version-history":[{"count":11,"href":"https:\/\/ramoncarreras.cat\/index.php?rest_route=\/wp\/v2\/pages\/826\/revisions"}],"predecessor-version":[{"id":1167,"href":"https:\/\/ramoncarreras.cat\/index.php?rest_route=\/wp\/v2\/pages\/826\/revisions\/1167"}],"wp:attachment":[{"href":"https:\/\/ramoncarreras.cat\/index.php?rest_route=%2Fwp%2Fv2%2Fmedia&parent=826"}],"curies":[{"name":"wp","href":"https:\/\/api.w.org\/{rel}","templated":true}]}}