{"id":924,"date":"2023-06-03T00:30:25","date_gmt":"2023-06-02T22:30:25","guid":{"rendered":"http:\/\/ramoncarreras.cat\/?page_id=924"},"modified":"2023-06-05T21:27:03","modified_gmt":"2023-06-05T19:27:03","slug":"y-que-hago","status":"publish","type":"page","link":"https:\/\/ramoncarreras.cat\/?page_id=924","title":{"rendered":"Y&#8230; \u00bfQu\u00e9 hago?"},"content":{"rendered":"\n<p><strong>\u00bfDonde estoy ahora?<\/strong><br><img decoding=\"async\" src=\"https:\/\/dg9aaz8jl1ktt.cloudfront.net\/uploaded_files\/000\/380\/665\/verkami_cc57301d0e434d1c943a5eb62d3c670a.jpg?1675119160\"><\/p>\n\n\n\n<p class=\"has-text-color\" style=\"color:#273071\">Enamorado de la Naturaleza, la monta\u00f1a y la nieve, toda mi vida he practicado deportes , estando a cargo de organizaciones deportivas. Desde joven me inquietaban la ciencia, la literatura y la filosof\u00eda. De muy joven empec\u00e9 a meditar de la mano de maestros y, despu\u00e9s, a compartir lo que hab\u00eda recibido. Mi trabajo en el campo de la hosteler\u00eda y como directivo deportivo han significado mucha relaci\u00f3n con personas incre\u00edbles. Una de las pasiones con las que m\u00e1s he aprendido son los viajes y las traves\u00edas por la naturaleza, con esqu\u00eds, en bici o a pie. La m\u00fasica tambi\u00e9n ha aportado ritmo e inspiraci\u00f3n a mi vida pese a no ser m\u00fasico. Creo que finalmente soy la combinaci\u00f3n de todos estos aspectos.<\/p>\n\n\n\n<p class=\"has-text-color\" style=\"color:#273071\">Durante diez a\u00f1os he colaborado con AUCER (Asociaci\u00f3n Universitaria de Cerdanya) en la organizaci\u00f3n de cursos en formato \u201cretiro\u201d sobre mindfulness, meditaci\u00f3n y zen, dentro da la Universidad de Verano Ram\u00f3n Llull.<\/p>\n\n\n\n<p class=\"has-text-color\" style=\"color:#273071\">Fui parte del n\u00facleo organizador de la Gira espa\u00f1ola 2014 de tres semanas del maestro budista zen Thich Nhat Hanh.<\/p>\n\n\n\n<p class=\"has-text-color\" style=\"color:#273071\">He colaborado con Salvador Garc\u00eda, m\u00e9dico y psic\u00f3logo social de la Universidad de Barcelona, en proyectos de impulso de valores en la juventud: \u201cImaging Lab\u201d, \u201cFactor\u00eda Eut\u00f3pica\u201d y actualmente \u201cButerfly Movement\u201d.<\/p>\n\n\n\n<p class=\"has-text-color\" style=\"color:#273071\">Junto con seis monjes de Plum Village creamos el proyecto de la Traves\u00eda de los Apalaches, generando un monasterio ambulante que cada domingo en una localidad distinta ofrec\u00eda un \u201cd\u00eda de plena consciencia\u201d. El proyecto de bautiz\u00f3 como \u201cPath of Happines\u201d y fue totalmente financiado mediante crowdfunding.<\/p>\n\n\n\n<p class=\"has-text-color\" style=\"color:#273071\">Como presidente de la FCEH (Federaci\u00f3 Catalana d\u2019Esports d\u2019Hivern) durante diecis\u00e9is a\u00f1os gener\u00e9 y busqu\u00e9 financiaci\u00f3n y esponsorizaci\u00f3n para numerosos proyectos deportivos.<\/p>\n\n\n\n<p class=\"has-text-color\" style=\"color:#273071\">Uso lo m\u00ednimo las redes, pero&#8230;<br><a rel=\"noreferrer noopener\" href=\"https:\/\/www.facebook.com\/ramon.carreras.79\" target=\"_blank\">Facebook<\/a><br><a rel=\"noreferrer noopener\" href=\"https:\/\/www.linkedin.com\/in\/ramon-carreras-juanico-8756a432\/\" target=\"_blank\">Linkedin<\/a><br><a rel=\"noreferrer noopener\" href=\"https:\/\/instagram.com\/stories\/ramoncarreras7\" target=\"_blank\">Inatagram<\/a><br><a rel=\"noreferrer noopener\" href=\"https:\/\/www.youtube.com\/channel\/UCudAz1GP4q5p3rtX4YrHcTA\" target=\"_blank\">Yutuve<\/a><\/p>\n\n\n\n<p>Fes un cop d&#8217;ull a Ramon Carreras Juanico (@Ra84391Ramon): <a href=\"https:\/\/twitter.com\/Ra84391Ramon?t=Ui6iw3AsatDkMhHLx485fg&amp;s=08\">https:\/\/twitter.com\/Ra84391Ramon?t=Ui6iw3AsatDkMhHLx485fg&amp;s=08<\/a><\/p>\n\n\n\n<p class=\"has-text-color\" style=\"color:#273071\">Cursos Universidad de verano Ramon Llum con AUCER<br><a href=\"https:\/\/www.aucer.org\/\" target=\"_blank\" rel=\"noreferrer noopener\">aucer.org<\/a><\/p>\n\n\n\n<p class=\"has-text-color\" style=\"color:#273071\">Traves\u00eda de los Apalaches<br><a href=\"https:\/\/pathofhappiness.org\/\" target=\"_blank\" rel=\"noreferrer noopener\">Appalachian Trail<\/a><\/p>\n\n\n\n<p>Retiros de nieve y mindfulness     <a href=\"https:\/\/snowmindfulness.org\/\">https:\/\/snowmindfulness.org\/<\/a><\/p>\n\n\n\n<p class=\"has-text-color\" style=\"color:#273071\">Explora las rutas de Ramoncarreras en Wikiloc:&nbsp;<a href=\"https:\/\/es.wikiloc.com\/wikiloc\/user.do?id=597471\" target=\"_blank\" rel=\"noreferrer noopener\">wikiloc<\/a><\/p>\n\n\n\n<p class=\"has-text-color\" style=\"color:#273071\">Echa un vistazo a Ram\u00f3n Carreras Juanico en Strava<br><a rel=\"noreferrer noopener\" href=\"https:\/\/www.strava.com\/athletes\/94512328\" target=\"_blank\">Strava<\/a><\/p>\n","protected":false},"excerpt":{"rendered":"<p>\u00bfDonde estoy ahora? Enamorado de la Naturaleza, la monta\u00f1a y la nieve, toda mi vida he practicado deportes , estando a cargo de organizaciones deportivas. Desde joven me inquietaban la ciencia, la literatura y la filosof\u00eda. De muy joven empec\u00e9 &hellip; <a href=\"https:\/\/ramoncarreras.cat\/?page_id=924\">Sigue leyendo <span class=\"meta-nav\">&rarr;<\/span><\/a><\/p>\n","protected":false},"author":1,"featured_media":0,"parent":0,"menu_order":0,"comment_status":"closed","ping_status":"closed","template":"","meta":{"footnotes":""},"_links":{"self":[{"href":"https:\/\/ramoncarreras.cat\/index.php?rest_route=\/wp\/v2\/pages\/924"}],"collection":[{"href":"https:\/\/ramoncarreras.cat\/index.php?rest_route=\/wp\/v2\/pages"}],"about":[{"href":"https:\/\/ramoncarreras.cat\/index.php?rest_route=\/wp\/v2\/types\/page"}],"author":[{"embeddable":true,"href":"https:\/\/ramoncarreras.cat\/index.php?rest_route=\/wp\/v2\/users\/1"}],"replies":[{"embeddable":true,"href":"https:\/\/ramoncarreras.cat\/index.php?rest_route=%2Fwp%2Fv2%2Fcomments&post=924"}],"version-history":[{"count":6,"href":"https:\/\/ramoncarreras.cat\/index.php?rest_route=\/wp\/v2\/pages\/924\/revisions"}],"predecessor-version":[{"id":994,"href":"https:\/\/ramoncarreras.cat\/index.php?rest_route=\/wp\/v2\/pages\/924\/revisions\/994"}],"wp:attachment":[{"href":"https:\/\/ramoncarreras.cat\/index.php?rest_route=%2Fwp%2Fv2%2Fmedia&parent=924"}],"curies":[{"name":"wp","href":"https:\/\/api.w.org\/{rel}","templated":true}]}}