{"id":947,"date":"2023-06-03T21:32:05","date_gmt":"2023-06-03T19:32:05","guid":{"rendered":"http:\/\/ramoncarreras.cat\/?page_id=947"},"modified":"2024-04-09T23:21:47","modified_gmt":"2024-04-09T21:21:47","slug":"resenas","status":"publish","type":"page","link":"https:\/\/ramoncarreras.cat\/?page_id=947","title":{"rendered":"Rese\u00f1as"},"content":{"rendered":"\n<blockquote class=\"wp-block-quote\">\n<p class=\"has-blue-color has-text-color\"><em>\u201cIncrustadas en estas p\u00e1ginas hay estrellas met\u00e1licas, cadenas monta\u00f1osas florecientes y un amor por las piedras, los arbustos monta\u00f1osos le\u00f1osos, el zorro y la cascada entr\u00f3pica de vida que los inunda a todos y nos conecta.&nbsp; Ram\u00f3n es un maestro esquiador, al estilo del artesano que cultiva su vocaci\u00f3n durante d\u00e9cadas.&nbsp; En eso manifiesta su linaje ancestral.&nbsp; Es un amante de la monta\u00f1a y un hijo de la monta\u00f1a\u2026\u201d<\/em><em><\/em><\/p>\n\n\n\n<p class=\"has-blue-color has-text-color\"><em>\u201cAl igual que con la mayor\u00eda de las situaciones extremas que nos empujan a nuestros l\u00edmites, hay quienes han ido antes, que hacen que el extremo no solo sea tolerable, sino accesible: gu\u00edas como Virgilio para Dante que hacen que la inmensidad de lo incognoscible sea c\u00f3moda y segura.\u201d&nbsp;&nbsp;<\/em><\/p>\n<cite><strong>Thay Phap Luu<\/strong><\/cite><\/blockquote>\n\n\n\n<blockquote class=\"wp-block-quote has-text-color\" style=\"color:#312f71\">\n<p class=\"has-blue-color has-text-color\"><em>\u201cEn su largo caminar por la vida, Ramon ha dejado huellas en el camino, trazas en la nieve, estelas en el mar. Combinando notas autobiogr\u00e1ficas con profundas ense\u00f1anzas budistas, Ramon comparte generosamente sus vivencias y descubrimientos. As\u00ed, vamos conociendo al Ramon deportista y al poeta, al marido y al buscador espiritual. Y nos damos cuenta de que el camino a trav\u00e9s de monta\u00f1as y puertos nos llevar\u00e1 de vuelta a casa, a nuestro verdadero hogar. \u201c<\/em><\/p>\n<cite><strong>Llu\u00eds Nadal<\/strong><\/cite><\/blockquote>\n\n\n\n<blockquote class=\"wp-block-quote has-text-color\" style=\"color:#312f71\">\n<p class=\"has-blue-color has-text-color\"><em>\u201cMi formaci\u00f3n cient\u00edfica y a\u00fan con una mirada sensible y abierta se ha transformado, mejor derivado, hacia una posici\u00f3n menos dogm\u00e1tica. Las palabras no pueden explicar las palabras. El camino del Buda est\u00e1 fuera del Buda. El todo es m\u00e1s que la suma de las partes. La verdad, el zen; va m\u00e1s all\u00e1, es como un horizonte; nunca se alcanza.\u201d<\/em><\/p>\n<cite>Pepe Tey<\/cite><\/blockquote>\n\n\n\n<blockquote class=\"wp-block-quote\">\n<p class=\"has-text-color\" style=\"color:#2f407c\">\u00abAdem\u00e1s de resultar po\u00e9ticamente hermoso, el libro de Ram\u00f3n es, sobre todo, un buen texto de divulgaci\u00f3n del Dharma o de la ense\u00f1anza budista ancestral.\u00bb<\/p>\n\n\n\n<p class=\"has-text-color\" style=\"color:#2f407c\">\u00abCreo que sabio es todo lo que surge de la propia experiencia y que, integrado con el conocimiento, la informaci\u00f3n y los datos le\u00eddos o escuchados, tienen una intenci\u00f3n emancipadora. En este sentido, siento que el libro de Ram\u00f3n es un libro generosamente liberador: un texto sabio.\u00bb<\/p>\n\n\n\n<p class=\"has-text-color\" style=\"color:#2f407c\">\u00ab\u00bfQu\u00e9 gozoso resulta comprender a trav\u00e9s de la propia experiencia, inducida, en este caso, desde la lectura de un libro, que el sufrimiento no existe m\u00e1s que en nuestra mente aferrada a la idea de un ego separado del resto de la cadena de ciclos de la existencia.\u00bb<strong>&nbsp;&nbsp;&nbsp;&nbsp;&nbsp;&nbsp;&nbsp;&nbsp;&nbsp;&nbsp;&nbsp;&nbsp;&nbsp;&nbsp;&nbsp;&nbsp;&nbsp;&nbsp;&nbsp;&nbsp;&nbsp;&nbsp;&nbsp;<\/strong><\/p>\n<cite><strong>Salvador Garc\u00eda S\u00e1nchez<\/strong><\/cite><\/blockquote>\n\n\n\n<p><em>Gr\u00e0cies pel teu llibre i la teva exposici\u00f3, la teva experi\u00e8ncia de vida \u00e9s molt enriquidora i est\u00e0 plena d&#8217;amor i de llibertat con tu dius. L&#8217;he llegit per\u00f2 el continuar\u00e9 llegint de tan en tan i en m\u00e9s calma.  <\/em><\/p>\n\n\n\n<p><em>Gr\u00e0cies tamb\u00e9 per aquella oportunitat que en vas donar per fer el curs d&#8217;esqu\u00ed, gr\u00e0cies aix\u00f2 vaig con\u00e8ixer en Josep Maria i he pogut gaudir tamb\u00e9 de la muntanya i del esqu\u00ed no com tu per\u00f2 si una miqueta.&nbsp;Gr\u00e0cies<\/em><\/p>\n\n\n\n<p>             <strong>Carme Oltra<\/strong><\/p>\n\n\n\n<blockquote class=\"wp-block-quote\">\n<p>Querido Ramon,<br>\u00a1Qu\u00e9 alegr\u00eda recibir tu libro ! Muchas gracias por el regalo de tu experiencia y de tu camino espiritual.<br>Ahora me siento m\u00e1s conectado contigo leyendo algunos cap\u00edtulos y descubriendo tu talento para compartir tu vida interior. \u00a1Hermoso !<br>Seguro que mucha gente va a disfrutar de tus exploraciones y encontrar perlas de sabidur\u00eda para inspirarlos en su vida.<br>Un abrazo de Plum Village para ti y Anna.<br>Hasta pronto.<br>Avec Amour et Gratitude<br><\/p>\n<cite>Fr\u00e8re Bienveillance\u00a0\/\u00a0Duc\u00a0Hien<\/cite><\/blockquote>\n\n\n\n<blockquote class=\"wp-block-quote\">\n<p>Querido Ram\u00f3n, por fin encuentro tiempo para comenzar a leer tu libro, y estoy encantada, fascinada con tu lenguaje, tan po\u00e9tico y bello, y con la profundidad de tus reflexiones y compartires. No pod\u00eda continuar mi lectura sin darte las gracias\u2026 Y sigo leyendo\/fluyendo\u2026\u00a0\ud83d\udca6<\/p>\n<cite>Nieves Mart\u00ed, Presidenta CBI<\/cite><\/blockquote>\n\n\n\n<blockquote class=\"wp-block-quote\">\n<p>Hola Ramon . Quan vaig comen\u00e7ar el teu llibre el vaig haver de deixar perqu\u00e8 no estava en optimes condicions. Fa uns dies el vaig tornar a agafar i vaig per la meitat . La veritat es que m ha ajudat molt. En aquests moments em trobo cam\u00ed del Alps Austr\u00edacs per fer la Silveretta amb esqui de muntanya. M&#8217;en vaig amb ganes per\u00f2 amb moltes pors perqu\u00e8 a la nostra edat mai saps com respondr\u00e0 el cos . El teu llibre m esta ajudant a perdre les pors i a gaudir al m\u00e0xim d aquesta meravellosa naturalesa que tenim. Espero que tot vagi be i pugui acabar de llegir el teu llibre. Una forta abra\u00e7ada<\/p>\n<cite>Jaume Llongueras<\/cite><\/blockquote>\n\n\n\n<h2 class=\"wp-block-heading has-blue-color has-text-color\">UN RESUMEN DEL LIBRO:<\/h2>\n\n\n\n<p class=\"has-text-color\" style=\"color:#302989\"><strong>LIBERTAD EN LOS APALACHES, Meditaciones de nieve Zen<\/strong> (ISBN\/13:9788411753333), con 474 p\u00e1ginas, editado en tapa blanda 160&#215;235 el a\u00f1o 2023 por Grupo Editorial C\u00edrculo Rojo.<\/p>\n\n\n\n<p class=\"has-text-color\" style=\"color:#302989\">El autor, <strong>Ramon Carreras Juanico<\/strong>, escribe, sin publicar, desde muy joven. Estudi\u00f3 Biolog\u00eda, pero se traslad\u00f3 muy joven a vivir en La Cerdanya (Pirineos Catalanes) donde desarroll\u00f3 la actividad de hosteler\u00eda y restauraci\u00f3n, combin\u00e1ndola con direcci\u00f3n deportiva de los deportes de nieve. Siempre ha sido deportista, decant\u00e1ndose por los deportes de monta\u00f1a. Su inquietud por el estudio de las religiones, la espiritualidad el yoga y la meditaci\u00f3n despert\u00f3 hace ya m\u00e1s de cincuenta a\u00f1os.<\/p>\n\n\n\n<p class=\"has-text-color\" style=\"color:#302989\">Se trata de un libro de no ficci\u00f3n de dif\u00edcil clasificaci\u00f3n, siendo un relato real, tambi\u00e9n puede ser un texto sobre la pr\u00e1ctica de la meditaci\u00f3n el zen y mindfulness. A la vez trata sobre deportes en plena naturaleza y su especial trascendencia hacia la espiritualidad. <\/p>\n\n\n\n<p class=\"has-text-color\" style=\"color:#302989\">Su t\u00edtulo intenta explicar esta versatilidad, a la vez que nos sit\u00faa en una traves\u00eda por los montes Apalaches Americanos junto a seis compa\u00f1eros monjes budistas de Plum Village.<\/p>\n\n\n\n<p class=\"has-text-color\" style=\"color:#302989\">La aventura es el hilo del tiempo que nos gu\u00eda hacia espacialidad y simultaneidad a la que le transportan las emociones de cada momento. As\u00ed, un amanecer en los Apalaches puede evocar una situaci\u00f3n invernal en los Alpes o el Pirineo que desemboca en alguna ense\u00f1anza espiritual.<\/p>\n\n\n\n<p class=\"has-text-color\" style=\"color:#302989\">Aunque ecl\u00e9ctico e inclasificable, es ordenado y bien estructurado.<\/p>\n\n\n\n<p class=\"has-text-color\" style=\"color:#302989\">Contiene bastantes citas cuya contemplaci\u00f3n pueden hacernos sentir la interioridad del autor.<\/p>\n\n\n\n<p class=\"has-text-color\" style=\"color:#302989\">Podr\u00eda decirse que Ram\u00f3n nos regala su sabidur\u00eda acumulada a lo largo de a\u00f1os de lectura, pr\u00e1ctica y estudio.<\/p>\n\n\n\n<p class=\"has-text-color\" style=\"color:#302989\">A trav\u00e9s de su lectura el lector podr\u00e1 vivir un proceso de transformaci\u00f3n: pasar\u00e1 por nacimientos, ancestros, muerte, miedo, duda\u2026 para quiz\u00e1s llegar al mismo punto de donde ya se hab\u00eda partido: aqu\u00ed, ahora.<\/p>\n\n\n\n<p class=\"has-text-color\" style=\"color:#302989\">Es un libro ameno, escrito en una prosa po\u00e9tica \u00e1gil e inteligible, dividida en tres grandes partes:<\/p>\n\n\n\n<ol style=\"list-style-type:1\">\n<li>Situaci\u00f3n y contexto: dividido en varios cap\u00edtulos no muy extensos.<\/li>\n\n\n\n<li>Texto po\u00e9tico relatando la aventura y profundizando hacia los porqu\u00e9s de la vida. Tambi\u00e9n dividido en unos sesenta cap\u00edtulos cortos. Cada cap\u00edtulo termina con una leve contemplaci\u00f3n.<\/li>\n\n\n\n<li>Anexos: Documentaci\u00f3n de la traves\u00eda, Esqu\u00ed y plena conciencia, textos complementarios, etc.<\/li>\n<\/ol>\n\n\n\n<p class=\"has-text-color\" style=\"color:#163e66\">El libro viene ilustrado por fotograf\u00edas del autor y dibujos caligr\u00e1ficos inspirados en su lectura. Aporta enlaces para acceder a diferentes webs y a un fondo de fotograf\u00edas e ilustraciones.<\/p>\n\n\n\n<p class=\"has-text-color\" style=\"color:#163e66\">El texto incluye bastantes poemas del autor. Algunos escritos en la d\u00e9cada de los setenta. Otros inspirados durante sus traves\u00edas. Como muestra podemos citar este fragmento:<\/p>\n\n\n\n<blockquote class=\"wp-block-quote has-text-align-center\">\n<p class=\"has-text-color\" style=\"color:#143f6a\">Yo soy este momento,<\/p>\n\n\n\n<p class=\"has-text-color\" style=\"color:#143f6a\">Este instante,<\/p>\n\n\n\n<p class=\"has-text-color\" style=\"color:#143f6a\">Este aqu\u00ed.<\/p>\n\n\n\n<p class=\"has-text-color\" style=\"color:#143f6a\">Este lugar.<\/p>\n\n\n\n<p class=\"has-text-color\" style=\"color:#143f6a\">Yo soy mis hijas,<\/p>\n\n\n\n<p class=\"has-text-color\" style=\"color:#143f6a\">Y sus hijos.<\/p>\n\n\n\n<p class=\"has-text-color\" style=\"color:#143f6a\">Soy mi madre y mi padre.<\/p>\n\n\n\n<p class=\"has-text-color\" style=\"color:#143f6a\">Soy mis padres.<\/p>\n\n\n\n<p class=\"has-text-color\" style=\"color:#143f6a\">Abro los ojos y veo<\/p>\n\n\n\n<p class=\"has-text-color\" style=\"color:#143f6a\">Que lo soy todo,<\/p>\n\n\n\n<p class=\"has-text-color\" style=\"color:#143f6a\">Todos vosotros,<\/p>\n\n\n\n<p class=\"has-text-color\" style=\"color:#143f6a\">Todo esto,<\/p>\n\n\n\n<p class=\"has-text-color\" style=\"color:#143f6a\">Todo instante.<\/p>\n\n\n\n<p class=\"has-text-color\" style=\"color:#143f6a\">Abro los ojos.<\/p>\n\n\n\n<p class=\"has-text-color\" style=\"color:#143f6a\">Estoy justo donde estoy.<\/p>\n\n\n\n<p class=\"has-text-color\" style=\"color:#143f6a\">Soy.<\/p>\n\n\n\n<p class=\"has-text-color\" style=\"color:#143f6a\">Soy la nieve que surcan mis esqu\u00edes.<\/p>\n\n\n\n<p class=\"has-text-color\" style=\"color:#143f6a\">Soy el aire que atravieso con mi bicicleta.<\/p>\n\n\n\n<p class=\"has-text-color\" style=\"color:#143f6a\">Soy el agua que me envuelve mientras nado.<\/p>\n\n\n\n<p class=\"has-text-color\" style=\"color:#143f6a\">Soy las gotas de agua que chorrean por<\/p>\n\n\n\n<p class=\"has-text-color\" style=\"color:#143f6a\">Mi cuerpo al salir del lago helado.<\/p>\n\n\n\n<p class=\"has-text-color\" style=\"color:#143f6a\">Soy una gota m\u00e1s.<\/p>\n\n\n\n<p class=\"has-text-color\" style=\"color:#143f6a\">Tan solo somos una gota m\u00e1s<strong>.<\/strong><\/p>\n<\/blockquote>\n\n\n\n<p class=\"has-text-color\" style=\"color:#194877\"><strong>Libertad en los Apalaches, Meditaciones de nieve Zen<\/strong> concluye:<\/p>\n\n\n\n<blockquote class=\"wp-block-quote\">\n<p class=\"has-text-color\" style=\"color:#1f4f80\">\u201cA medida que me voy acercando, su fuerza me atrae cada vez con m\u00e1s empuje. Las formas de las crestas ya se van perfilando e incluso puedes oler el hedor a dureza en las rocas.<\/p>\n\n\n\n<p class=\"has-text-color\" style=\"color:#1f4f80\">Un suspiro surgido desde el fondo mismo de los valles, constante; un clamor que se precipita desde la cabeza sobre las cimas.<\/p>\n\n\n\n<p class=\"has-text-color\" style=\"color:#1f4f80\">\u00a1Me llaman! \u00a1Me llaman!<\/p>\n\n\n\n<p class=\"has-text-color\" style=\"color:#1f4f80\">La neblina cae, rodando, por la otra vertiente; se desvanece.<\/p>\n\n\n\n<p class=\"has-text-color\" style=\"color:#1f4f80\">Se desvanece por un instante para, de repente, ser impelida junto a la brisa m\u00e1s c\u00e1lida que la va empujando hacia arriba.<\/p>\n\n\n\n<p class=\"has-text-color\" style=\"color:#1f4f80\">Destellos de nieve en suspensi\u00f3n, multibrillante.<\/p>\n\n\n\n<p class=\"has-text-color\" style=\"color:#1f4f80\">Multibrillantes l\u00e1grimas de luna flotando sin rumbo sobre nuestras cabezas. Mil agujas de frescura, miles de centellas.<\/p>\n\n\n\n<p class=\"has-text-color\" style=\"color:#1f4f80\">El soplo potente, encajonado entre laderas, viaja sin cesar; puede que sin descanso. Primero no lo escuchas, pero poco a poco va llenan\u00addo todo el espacio, hasta ser una consistente presencia, una cegadora paranoia.<\/p>\n\n\n\n<p class=\"has-text-color\" style=\"color:#1f4f80\">Hay olor, ocre, \u00e1spero; lo siento en mi cara.<\/p>\n\n\n\n<p class=\"has-text-color\" style=\"color:#1f4f80\">Ya est\u00e1.<\/p>\n\n\n\n<p class=\"has-text-color\" style=\"color:#1f4f80\">                 Nos vamos.<\/p>\n\n\n\n<p class=\"has-text-color\" style=\"color:#1f4f80\">                                 Ha sido tan solo por un instante.<\/p>\n\n\n\n<p class=\"has-text-color\" style=\"color:#1f4f80\">                                                                        Detenido en el tiempo de siempre.<\/p>\n\n\n\n<p class=\"has-text-color\" style=\"color:#1f4f80\">Bandadas de serpentinas plateadas parpadeando sobre mi cabeza.<\/p>\n\n\n\n<p class=\"has-text-color\" style=\"color:#1f4f80\">Aqu\u00ed, racimos de ahora.<\/p>\n\n\n\n<p class=\"has-text-color\" style=\"color:#1f4f80\">Recogido me entrego.<\/p>\n\n\n\n<p class=\"has-text-color\" style=\"color:#1f4f80\">Si me quieres encontrar, b\u00fascame en las monta\u00f1as.\u201d<\/p>\n<\/blockquote>\n\n\n\n<h2 class=\"wp-block-heading has-blue-color has-text-color\">                                                                                                                        <\/h2>\n","protected":false},"excerpt":{"rendered":"<p>\u201cIncrustadas en estas p\u00e1ginas hay estrellas met\u00e1licas, cadenas monta\u00f1osas florecientes y un amor por las piedras, los arbustos monta\u00f1osos le\u00f1osos, el zorro y la cascada entr\u00f3pica de vida que los inunda a todos y nos conecta.&nbsp; Ram\u00f3n es un maestro &hellip; <a href=\"https:\/\/ramoncarreras.cat\/?page_id=947\">Sigue leyendo <span class=\"meta-nav\">&rarr;<\/span><\/a><\/p>\n","protected":false},"author":1,"featured_media":0,"parent":0,"menu_order":0,"comment_status":"closed","ping_status":"closed","template":"","meta":{"footnotes":""},"_links":{"self":[{"href":"https:\/\/ramoncarreras.cat\/index.php?rest_route=\/wp\/v2\/pages\/947"}],"collection":[{"href":"https:\/\/ramoncarreras.cat\/index.php?rest_route=\/wp\/v2\/pages"}],"about":[{"href":"https:\/\/ramoncarreras.cat\/index.php?rest_route=\/wp\/v2\/types\/page"}],"author":[{"embeddable":true,"href":"https:\/\/ramoncarreras.cat\/index.php?rest_route=\/wp\/v2\/users\/1"}],"replies":[{"embeddable":true,"href":"https:\/\/ramoncarreras.cat\/index.php?rest_route=%2Fwp%2Fv2%2Fcomments&post=947"}],"version-history":[{"count":3,"href":"https:\/\/ramoncarreras.cat\/index.php?rest_route=\/wp\/v2\/pages\/947\/revisions"}],"predecessor-version":[{"id":1196,"href":"https:\/\/ramoncarreras.cat\/index.php?rest_route=\/wp\/v2\/pages\/947\/revisions\/1196"}],"wp:attachment":[{"href":"https:\/\/ramoncarreras.cat\/index.php?rest_route=%2Fwp%2Fv2%2Fmedia&parent=947"}],"curies":[{"name":"wp","href":"https:\/\/api.w.org\/{rel}","templated":true}]}}