{"id":949,"date":"2023-06-03T21:37:30","date_gmt":"2023-06-03T19:37:30","guid":{"rendered":"http:\/\/ramoncarreras.cat\/?page_id=949"},"modified":"2024-04-09T19:01:21","modified_gmt":"2024-04-09T17:01:21","slug":"comprar","status":"publish","type":"page","link":"https:\/\/ramoncarreras.cat\/?page_id=949","title":{"rendered":"Comprar:"},"content":{"rendered":"\n<p>Aqu\u00ed puedes ojear una muestra del inicio del libro:<\/p>\n\n\n\n<p><a href=\"https:\/\/1drv.ms\/b\/s!Ahdi0womkU5VgqEaCxMC3nP0YhWq4Q?e=HaO4Wl\" target=\"_blank\" rel=\"noreferrer noopener\">https:\/\/1drv.ms\/b\/s!Ahdi0womkU5VgqEaCxMC3nP0YhWq4Q?e=HaO4Wl<\/a><\/p>\n\n\n\n<p>Aqu\u00ed puedes escuchar una muestra del inicio del libro:<\/p>\n\n\n\n<p><a href=\"https:\/\/1drv.ms\/v\/s!Ahdi0womkU5VgqF5FuLWQp0DwUngKg?e=pPsHML\">https:\/\/1drv.ms\/v\/s!Ahdi0womkU5VgqF5FuLWQp0DwUngKg?e=pPsHML<\/a><\/p>\n\n\n\n<p><strong>Ya se puede adquirir en librer\u00edas.<\/strong><\/p>\n\n\n\n<p>(<em>Indica los siguientes datos para su encargo<\/em>)<\/p>\n\n\n\n<p>ISBN\/13: 9788411753333<\/p>\n\n\n\n<p>Editorial C\u00edrculo Rojo<\/p>\n\n\n\n<p>Distribuido para librerias por LOGISTA.<\/p>\n\n\n\n<p>Tambi\u00e9n en los siguientes portales y enlaces:<\/p>\n\n\n\n<p><a href=\"https:\/\/www.amazon.es\/Libertad-los-Apalaches-Meditaciones-espiritualidad\/dp\/8411753336\/ref=sr_1_1?crid=2AWHABV5VJT29&amp;keywords=libertad+en+los+apalaches&amp;qid=1684672717&amp;sprefix=%2Caps%2C97&amp;sr=8-1\"><strong>Amazon: libro f\u00edsico<\/strong><\/a><\/p>\n\n\n\n<p><a href=\"https:\/\/www.amazon.es\/LIBERTAD-LOS-APALACHES-Meditaciones-espiritualidad1-ebook\/dp\/B0C4ZLBXMC\/ref=sr_1_2?crid=2AWHABV5VJT29&amp;keywords=libertad+en+los+apalaches&amp;qid=1684672853&amp;sprefix=%2Caps%2C97&amp;sr=8-2\"><strong>Amazon: formato digital Kindle epub<\/strong><\/a><\/p>\n\n\n\n<p><a href=\"https:\/\/www.elcorteingles.es\/libros\/A48013345-libertad-en-los-apalaches\/?s=libertad%20en%20los%20apalaches&amp;hierarchy=&amp;deep_search=&amp;stype=text_box\"><strong>El Corte Ingles, Libros<\/strong><\/a><\/p>\n\n\n\n<p><a href=\"https:\/\/www.fnac.es\/SearchResult\/ResultList.aspx?Search=libertad+en+los+apalaches&amp;sft=1&amp;sa=0\"><strong>FNAC<\/strong><\/a><\/p>\n\n\n\n<p><a href=\"https:\/\/libros.cc\/results?q=libertad%20en%20los%20apalaches\"><strong>LIBROS.CC<\/strong><\/a><\/p>\n\n\n\n<h2 class=\"wp-block-heading\"><mark style=\"background-color:rgba(0, 0, 0, 0);color:#59ce37\" class=\"has-inline-color\">Si quieres que te lo <strong>dedique, <\/strong>puedes adquirirlo a trav\u00e9s de PayPal en C\u00edrculo Rojo, siguiendo el enlace. En pocos d\u00edas te lo envi\u00f3<\/mark><br><a href=\"https:\/\/editorialcirculorojo.com\/libertad-en-los-apalaches\/\"><strong>Libertad en los Apalaches<\/strong><\/a><\/h2>\n\n\n\n<p><strong>BARCELONA:<\/strong><\/p>\n\n\n\n<p>         Librer\u00cda ALTAIR<\/p>\n\n\n\n<p>         Fundaci\u00f3n CASA DEL TIBET<\/p>\n\n\n\n<p><strong>LLEIDA:<\/strong><\/p>\n\n\n\n<p>          Librer\u00eda CASELLES<\/p>\n\n\n\n<p><strong>PUIGCERD\u00c0:<\/strong><\/p>\n\n\n\n<p>           Librer\u00edas VILADESAU, MAGIA DE TINTA, CAD\u00cd<\/p>\n\n\n\n<p><strong>BELLVER:<\/strong><\/p>\n\n\n\n<p>           Librer\u00eda CLIPS<\/p>\n\n\n\n<p><strong>LLIVIA:<\/strong><\/p>\n\n\n\n<p>            Librer\u00eda NURI<\/p>\n\n\n\n<p><strong>LA SEU D&#8217;URGELL:<\/strong><\/p>\n\n\n\n<p>             Librer\u00eda PURGIMON, HERBES I COSE, CRITICA EL REFUGI<\/p>\n\n\n\n<p><strong>BERGA:<\/strong><\/p>\n\n\n\n<p>             Librer\u00eda HUCH, .<\/p>\n\n\n\n<p><strong>RIPOLL:<\/strong><\/p>\n\n\n\n<p>              Librer\u00eda LA LLUERNA<\/p>\n\n\n\n<p><strong>SANT FELIU DE GUIXOLS:<\/strong><\/p>\n\n\n\n<p>               Librer\u00eda LA GUINEU, NOBEL<\/p>\n\n\n\n<p>              <\/p>\n","protected":false},"excerpt":{"rendered":"<p>Aqu\u00ed puedes ojear una muestra del inicio del libro: https:\/\/1drv.ms\/b\/s!Ahdi0womkU5VgqEaCxMC3nP0YhWq4Q?e=HaO4Wl Aqu\u00ed puedes escuchar una muestra del inicio del libro: https:\/\/1drv.ms\/v\/s!Ahdi0womkU5VgqF5FuLWQp0DwUngKg?e=pPsHML Ya se puede adquirir en librer\u00edas. (Indica los siguientes datos para su encargo) ISBN\/13: 9788411753333 Editorial C\u00edrculo Rojo Distribuido para &hellip; <a href=\"https:\/\/ramoncarreras.cat\/?page_id=949\">Sigue leyendo <span class=\"meta-nav\">&rarr;<\/span><\/a><\/p>\n","protected":false},"author":1,"featured_media":0,"parent":0,"menu_order":0,"comment_status":"closed","ping_status":"closed","template":"","meta":{"footnotes":""},"_links":{"self":[{"href":"https:\/\/ramoncarreras.cat\/index.php?rest_route=\/wp\/v2\/pages\/949"}],"collection":[{"href":"https:\/\/ramoncarreras.cat\/index.php?rest_route=\/wp\/v2\/pages"}],"about":[{"href":"https:\/\/ramoncarreras.cat\/index.php?rest_route=\/wp\/v2\/types\/page"}],"author":[{"embeddable":true,"href":"https:\/\/ramoncarreras.cat\/index.php?rest_route=\/wp\/v2\/users\/1"}],"replies":[{"embeddable":true,"href":"https:\/\/ramoncarreras.cat\/index.php?rest_route=%2Fwp%2Fv2%2Fcomments&post=949"}],"version-history":[{"count":10,"href":"https:\/\/ramoncarreras.cat\/index.php?rest_route=\/wp\/v2\/pages\/949\/revisions"}],"predecessor-version":[{"id":1194,"href":"https:\/\/ramoncarreras.cat\/index.php?rest_route=\/wp\/v2\/pages\/949\/revisions\/1194"}],"wp:attachment":[{"href":"https:\/\/ramoncarreras.cat\/index.php?rest_route=%2Fwp%2Fv2%2Fmedia&parent=949"}],"curies":[{"name":"wp","href":"https:\/\/api.w.org\/{rel}","templated":true}]}}